{"id":1306,"date":"2024-05-13T13:28:16","date_gmt":"2024-05-13T11:28:16","guid":{"rendered":"https:\/\/expert-cab.fr\/?page_id=1306"},"modified":"2024-08-01T11:18:13","modified_gmt":"2024-08-01T09:18:13","slug":"mentions-legales","status":"publish","type":"page","link":"https:\/\/expert-cab.fr\/index.php\/mentions-legales\/","title":{"rendered":"Mentions L\u00e9gales"},"content":{"rendered":"\n<p><strong>SAS Expert&rsquo;Cab <\/strong>au capital variable de 1000 \u20ac Soci\u00e9t\u00e9 inscrite aupr\u00e8s du registre du commerce et des soci\u00e9t\u00e9s de Perpignan.                                                                                      sous le n\u00b0 Rcs 928 379 395. Ape : 7490 B (Activit\u00e9s sp\u00e9cialis\u00e9es, scientifiques et techniques diverses).                                                                                                        TVA n\u00b0 FR89928379395<\/p>\n\n\n\n<p><strong>Si\u00e8ge : <\/strong>1 Boulevard John Fitzgerald Kennedy- immeuble l&rsquo;Espadon Voilier &#8211; BP 31094 &#8211; 66100 &#8211; Perpignan.<\/p>\n\n\n\n<p><strong>Correspondance mat\u00e9rialis\u00e9e <\/strong>: (courriers\/dossiers) : Adressz <strong>Expert&rsquo;Cab<\/strong> + BP n\u00b0 31094    66100 &#8211; Perpignan.                                                                                                                 <strong>Correspondance d\u00e9mat\u00e9rialis\u00e9e <\/strong>: <a href=\"mailto:contact@diligence-expertise.fr\">contact@diligence-expertise.fr<\/a>  ou <a href=\"mailto:contact@expert-cab.fr\">contact@expert-cab.fr<\/a> <\/p>\n\n\n\n<p><strong>*<\/strong>Documents\/Dossiers\/Fichiers volumineux, veuillez utiliser un service d&rsquo;envoi de fichiers s\u00e9curis\u00e9s, de type <a data-type=\"link\" data-id=\"https:\/\/wetransfer.com\/\" href=\"https:\/\/wetransfer.com\/\">We-Transfer<\/a>.<\/p>\n\n\n\n<p>Le site internet www.expert-cab.fr est h\u00e9berg\u00e9 aupr\u00e8s de la Soci\u00e9t\u00e9<a href=\"https:\/\/hostinger.fr?REFERRALCODE=1ISP352\" title=\" Hostinger International Ltd. \"> Hostinger International Ltd. <\/a>sis, 61 Lordou Vironos Street, 6023 Larnaca, Chypre,<\/p>\n\n\n\n<p>La Soci\u00e9t\u00e9 <strong>Expert&rsquo;Cab<\/strong> est adh\u00e9rente aupr\u00e8s du centre de m\u00e9diation de la consommation de conciliateurs de justice :                                                                                     <strong>CM2C.<\/strong> (Association Loi 1901) <a href=\"https:\/\/www.cm2c.net\/\" target=\"_blank\" rel=\"noreferrer noopener\">https:\/\/www.cm2c.net\/ <\/a> <strong>CM2C<\/strong>, 49 Rue de Ponthieu 75008 Paris<\/p>\n","protected":false},"excerpt":{"rendered":"<p>SAS Expert&rsquo;Cab au capital variable de 1000 \u20ac Soci\u00e9t\u00e9 inscrite aupr\u00e8s du registre du commerce et des soci\u00e9t\u00e9s de Perpignan. [&hellip;]<\/p>\n","protected":false},"author":1,"featured_media":0,"parent":0,"menu_order":0,"comment_status":"closed","ping_status":"closed","template":"","meta":{"om_disable_all_campaigns":false,"site-sidebar-layout":"default","site-content-layout":"","ast-site-content-layout":"","site-content-style":"default","site-sidebar-style":"default","ast-global-header-display":"","ast-banner-title-visibility":"","ast-main-header-display":"","ast-hfb-above-header-display":"","ast-hfb-below-header-display":"","ast-hfb-mobile-header-display":"","site-post-title":"","ast-breadcrumbs-content":"","ast-featured-img":"","footer-sml-layout":"","theme-transparent-header-meta":"","adv-header-id-meta":"","stick-header-meta":"","header-above-stick-meta":"","header-main-stick-meta":"","header-below-stick-meta":"","astra-migrate-meta-layouts":"default","ast-page-background-enabled":"default","ast-page-background-meta":{"desktop":{"background-color":"var(--ast-global-color-4)","background-image":"","background-repeat":"repeat","background-position":"center center","background-size":"auto","background-attachment":"scroll","background-type":"","background-media":"","overlay-type":"","overlay-color":"","overlay-gradient":""},"tablet":{"background-color":"","background-image":"","background-repeat":"repeat","background-position":"center center","background-size":"auto","background-attachment":"scroll","background-type":"","background-media":"","overlay-type":"","overlay-color":"","overlay-gradient":""},"mobile":{"background-color":"","background-image":"","background-repeat":"repeat","background-position":"center center","background-size":"auto","background-attachment":"scroll","background-type":"","background-media":"","overlay-type":"","overlay-color":"","overlay-gradient":""}},"ast-content-background-meta":{"desktop":{"background-color":"var(--ast-global-color-5)","background-image":"","background-repeat":"repeat","background-position":"center center","background-size":"auto","background-attachment":"scroll","background-type":"","background-media":"","overlay-type":"","overlay-color":"","overlay-gradient":""},"tablet":{"background-color":"var(--ast-global-color-5)","background-image":"","background-repeat":"repeat","background-position":"center center","background-size":"auto","background-attachment":"scroll","background-type":"","background-media":"","overlay-type":"","overlay-color":"","overlay-gradient":""},"mobile":{"background-color":"var(--ast-global-color-5)","background-image":"","background-repeat":"repeat","background-position":"center center","background-size":"auto","background-attachment":"scroll","background-type":"","background-media":"","overlay-type":"","overlay-color":"","overlay-gradient":""}},"footnotes":""},"class_list":["post-1306","page","type-page","status-publish","hentry"],"aioseo_notices":[],"_links":{"self":[{"href":"https:\/\/expert-cab.fr\/index.php\/wp-json\/wp\/v2\/pages\/1306"}],"collection":[{"href":"https:\/\/expert-cab.fr\/index.php\/wp-json\/wp\/v2\/pages"}],"about":[{"href":"https:\/\/expert-cab.fr\/index.php\/wp-json\/wp\/v2\/types\/page"}],"author":[{"embeddable":true,"href":"https:\/\/expert-cab.fr\/index.php\/wp-json\/wp\/v2\/users\/1"}],"replies":[{"embeddable":true,"href":"https:\/\/expert-cab.fr\/index.php\/wp-json\/wp\/v2\/comments?post=1306"}],"version-history":[{"count":7,"href":"https:\/\/expert-cab.fr\/index.php\/wp-json\/wp\/v2\/pages\/1306\/revisions"}],"predecessor-version":[{"id":1849,"href":"https:\/\/expert-cab.fr\/index.php\/wp-json\/wp\/v2\/pages\/1306\/revisions\/1849"}],"wp:attachment":[{"href":"https:\/\/expert-cab.fr\/index.php\/wp-json\/wp\/v2\/media?parent=1306"}],"curies":[{"name":"wp","href":"https:\/\/api.w.org\/{rel}","templated":true}]}}